{"id":70,"date":"2020-11-19T22:14:12","date_gmt":"2020-11-19T22:14:12","guid":{"rendered":"http:\/\/educacubo.com.br\/?page_id=70"},"modified":"2020-11-19T23:44:21","modified_gmt":"2020-11-19T23:44:21","slug":"termos-de-uso","status":"publish","type":"page","link":"https:\/\/educacubo.com.br\/?page_id=70","title":{"rendered":"Termos de uso"},"content":{"rendered":"\n<p>Ao prosseguir com o uso do aplicativo, voc\u00ea concorda com os seguintes termos de uso:<\/p>\n\n\n\n<div class=\"wp-block-image\"><figure class=\"alignleft size-large is-resized\"><img loading=\"lazy\" src=\"http:\/\/educacubo.com.br\/wp-content\/uploads\/2020\/11\/cuboxxxhdpi.png\" alt=\"\" class=\"wp-image-76\" width=\"227\" height=\"223\" srcset=\"https:\/\/educacubo.com.br\/wp-content\/uploads\/2020\/11\/cuboxxxhdpi.png 563w, https:\/\/educacubo.com.br\/wp-content\/uploads\/2020\/11\/cuboxxxhdpi-300x295.png 300w\" sizes=\"(max-width: 227px) 100vw, 227px\" \/><\/figure><\/div>\n\n\n\n<div class=\"wp-block-group\"><div class=\"wp-block-group__inner-container\">\n<p>Ao prosseguir com o uso do aplicativo, voc\u00ea concorda com os seguintes termos de uso:<\/p>\n\n\n\n<ol><li>Ao efetuar o cadastro, voc\u00ea concorda que, caso efetue um upload de um modelo para o aplicativo, o mesmo ser\u00e1 analisado por um grupo de moderadores, os mesmos ir\u00e3o decidir se o seu modelo \u00e9 v\u00e1lido ou n\u00e3o para publica\u00e7\u00e3o.<\/li><\/ol>\n\n\n\n<p>1.1) A publica\u00e7\u00e3o pode demorar at\u00e9 48 horas para ser aceita, e, mesmo depois de aceita, ela pode ser derrubada por requisi\u00e7\u00e3o de direitos autorais caso o mesmo tenha sido extra\u00eddo de algum lugar cujos direitos autorais do autor tenham sido violados.<\/p>\n\n\n\n<ol start=\"2\"><li>Ao divulgar um modelo, voc\u00ea concorda que o mesmo poder\u00e1 ser removido caso algum fator ilegal seja detectado, durante o processo de an\u00e1lise como depois da aprova\u00e7\u00e3o, esses fatores podem variar e tamb\u00e9m podem ser denunciados por outros usu\u00e1rios, exemplo de fatores como: Ofensas a grupos determinados; xingamentos; ofensas verbais ou n\u00e3o; viol\u00eancia; palavr\u00f5es; Cyberbullying;\u00a0<\/li><\/ol>\n\n\n\n<p>2.1) Os casos se aplicam tamb\u00e9m as fus\u00f5es, isto \u00e9, quando dois modelos se juntam para formarem um, por exemplo quando o modelo do Oxig\u00eanio se junta com o modelo do Hidrog\u00eanio e forma o modelo da \u00c1gua.&nbsp;<\/p>\n\n\n\n<ol start=\"3\"><li>Quaisquer ofensas feitas por um usu\u00e1rio em forma de modelos que infrinjam os termos acima citados ser\u00e3o punidos, o usu\u00e1rio sofrer\u00e1 uma puni\u00e7\u00e3o que poder\u00e1, inclusive, levar o seu banimento do aplicativo.<br><\/li><li>A utiliza\u00e7\u00e3o deste aplicativo possui fins educacionais, ele \u00e9 uma forma de tornar o contexto educacional em algo divertido e de f\u00e1cil entendimento, para tal o programa utiliza o cubo para criar as proje\u00e7\u00f5es.<\/li><\/ol>\n<\/div><\/div>\n","protected":false},"excerpt":{"rendered":"<p>Ao prosseguir com o uso do aplicativo, voc\u00ea concorda com os seguintes termos de uso:<\/p>\n","protected":false},"author":1,"featured_media":0,"parent":0,"menu_order":0,"comment_status":"closed","ping_status":"closed","template":"","meta":[],"_links":{"self":[{"href":"https:\/\/educacubo.com.br\/index.php?rest_route=\/wp\/v2\/pages\/70"}],"collection":[{"href":"https:\/\/educacubo.com.br\/index.php?rest_route=\/wp\/v2\/pages"}],"about":[{"href":"https:\/\/educacubo.com.br\/index.php?rest_route=\/wp\/v2\/types\/page"}],"author":[{"embeddable":true,"href":"https:\/\/educacubo.com.br\/index.php?rest_route=\/wp\/v2\/users\/1"}],"replies":[{"embeddable":true,"href":"https:\/\/educacubo.com.br\/index.php?rest_route=%2Fwp%2Fv2%2Fcomments&post=70"}],"version-history":[{"count":5,"href":"https:\/\/educacubo.com.br\/index.php?rest_route=\/wp\/v2\/pages\/70\/revisions"}],"predecessor-version":[{"id":88,"href":"https:\/\/educacubo.com.br\/index.php?rest_route=\/wp\/v2\/pages\/70\/revisions\/88"}],"wp:attachment":[{"href":"https:\/\/educacubo.com.br\/index.php?rest_route=%2Fwp%2Fv2%2Fmedia&parent=70"}],"curies":[{"name":"wp","href":"https:\/\/api.w.org\/{rel}","templated":true}]}}