{"id":64,"date":"2020-10-29T23:19:06","date_gmt":"2020-10-29T23:19:06","guid":{"rendered":"http:\/\/educacubo.com.br\/?page_id=64"},"modified":"2020-10-29T23:19:06","modified_gmt":"2020-10-29T23:19:06","slug":"pesquisa","status":"publish","type":"page","link":"https:\/\/educacubo.com.br\/?page_id=64","title":{"rendered":"Pesquisa"},"content":{"rendered":"\n<div class=\"wp-block-image is-style-rounded\"><figure class=\"alignleft size-large is-resized\"><img loading=\"lazy\" src=\"http:\/\/educacubo.com.br\/wp-content\/uploads\/2020\/10\/shutterstock_689023369-1024x1024.jpg\" alt=\"\" class=\"wp-image-22\" width=\"267\" height=\"267\" srcset=\"https:\/\/educacubo.com.br\/wp-content\/uploads\/2020\/10\/shutterstock_689023369-1024x1024.jpg 1024w, https:\/\/educacubo.com.br\/wp-content\/uploads\/2020\/10\/shutterstock_689023369-300x300.jpg 300w, https:\/\/educacubo.com.br\/wp-content\/uploads\/2020\/10\/shutterstock_689023369-150x150.jpg 150w, https:\/\/educacubo.com.br\/wp-content\/uploads\/2020\/10\/shutterstock_689023369-768x768.jpg 768w, https:\/\/educacubo.com.br\/wp-content\/uploads\/2020\/10\/shutterstock_689023369-100x100.jpg 100w, https:\/\/educacubo.com.br\/wp-content\/uploads\/2020\/10\/shutterstock_689023369.jpg 1200w\" sizes=\"(max-width: 267px) 100vw, 267px\" \/><\/figure><\/div>\n\n\n\n<p>Realizamos uma pesquisa inicial em um Col\u00e9gio de S\u00e3o Paulo (Capital) sobre como a utiliza\u00e7\u00e3o de\u00a0 tecnologias AR em\u00a0 sala\u00a0 de\u00a0 aula poderia auxiliar no ensino, envolvendo professores de diversas disciplinas como Biologia, Portugu\u00eas, F\u00edsica, Geografia.<\/p>\n\n\n\n<p><strong>Diretora pedagoga:<\/strong><\/p>\n\n\n\n<p>\u25cf&nbsp; Olhar p\u00fablico;<\/p>\n\n\n\n<p>\u25cf&nbsp; projeto \u00e9 interessante;<\/p>\n\n\n\n<p>\u25cf&nbsp; cada aluno criar o seu \u00e9 melhor;<\/p>\n\n\n\n<p>\u25cf&nbsp; expositivo pior do q aluno fazendo;<\/p>\n\n\n\n<p>\u25cf\u00a0 implementa\u00e7\u00e3o dos 2 juntos: aluno criando e expositivo.<\/p>\n\n\n\n<p><\/p>\n\n\n\n<p><strong>Professor Geografia:<\/strong><\/p>\n\n\n\n<p>\u25cf&nbsp; Muito interessante, pessoal com linguagem visual;<\/p>\n\n\n\n<p>\u25cf&nbsp; Geografia ajuda bastante, geografia natural;<\/p>\n\n\n\n<p>\u25cf&nbsp; Gosta do protagonismo do aluno -&gt; aluno trabalha;<\/p>\n\n\n\n<p>\u25cf&nbsp; Fase de prepara\u00e7\u00e3o do estudo -&gt; professor tem o instrumento;<\/p>\n\n\n\n<p>\u25cf&nbsp; Passar para o aluno a m\u00e3o na obra;<\/p>\n\n\n\n<p>\u25cf\u00a0 Ferramenta \u00fatil -> N\u00c3O seria um problema.<\/p>\n\n\n\n<p><\/p>\n\n\n\n<p><strong>Professor F\u00edsica:<\/strong><\/p>\n\n\n\n<p>\u25cf&nbsp; Todo instrumento de vis\u00e3o complementar \u00e9 incr\u00edvel;<\/p>\n\n\n\n<p>\u25cf&nbsp; N\u00e3o v\u00ea novidade;<\/p>\n\n\n\n<p>\u25cf&nbsp; J\u00e1 existe de maneira acess\u00edvel ao professor;<\/p>\n\n\n\n<p>\u25cf&nbsp; Criar algum tipo de desafio -&gt; avalia\u00e7\u00e3o do aluno;<\/p>\n\n\n\n<p>\u25cf&nbsp; \u00c9 legal;<\/p>\n\n\n\n<p>\u25cf&nbsp; Pode colaborar para outros aspectos fora da sala de aula (atividade, desafio, prova);<\/p>\n\n\n\n<p>\u25cf&nbsp; Instrumento somente para o professor n\u00e3o \u00e9 interessante (Ser\u00e1 que vai dar resultado para o aluno?).<\/p>\n\n\n\n<p><\/p>\n\n\n\n<p><strong>Professor Portugu\u00eas:<\/strong><\/p>\n\n\n\n<p>\u25cf&nbsp; Utiliz\u00e1vel em substantivo concreto e abstrato;<\/p>\n\n\n\n<p>\u25cf&nbsp; Trabalharia com imagem e texto;<\/p>\n\n\n\n<p>\u25cf&nbsp; Aluno poder montar\/fazer algo;<\/p>\n\n\n\n<p>\u25cf&nbsp; Trabalhar a quest\u00e3o maker;<\/p>\n\n\n\n<p>\u25cf&nbsp; Mais solu\u00e7\u00f5es -&gt; maneira mais livre;<\/p>\n\n\n\n<p>\u25cf\u00a0 Problemas -> Professores menos tecnol\u00f3gicos teriam problemas com essa ferramenta.<\/p>\n\n\n\n<p><\/p>\n\n\n\n<p><strong>Professor Biologia:<\/strong><\/p>\n\n\n\n<p>\u25cf&nbsp; Gosta da ideia, usaria para mostrar objetos pequenos;<\/p>\n\n\n\n<p>\u25cf&nbsp; Meio caminho andado para o professor;<\/p>\n\n\n\n<p>\u25cf&nbsp; Aluno precisa estar com vontade de aprender;<\/p>\n\n\n\n<p>\u25cf&nbsp; Mudar a educa\u00e7\u00e3o interativa;<\/p>\n\n\n\n<p>\u25cf&nbsp; Expositivo e Interativo s\u00e3o dois caminhos diferentes;<\/p>\n\n\n\n<p>\u25cf&nbsp; N\u00e3o seria um problema, mas tem que ser bem feito.<\/p>\n","protected":false},"excerpt":{"rendered":"<p>Realizamos uma pesquisa inicial em um Col\u00e9gio de S\u00e3o Paulo (Capital) sobre como a utiliza\u00e7\u00e3o de\u00a0 tecnologias AR em\u00a0 sala\u00a0 de\u00a0 aula poderia auxiliar no ensino, envolvendo professores de diversas disciplinas como Biologia, Portugu\u00eas, F\u00edsica, Geografia. Diretora pedagoga: \u25cf&nbsp; Olhar p\u00fablico; \u25cf&nbsp; projeto \u00e9 interessante; \u25cf&nbsp; cada aluno criar o seu \u00e9 melhor; \u25cf&nbsp; expositivo &hellip; <\/p>\n<p class=\"link-more\"><a href=\"https:\/\/educacubo.com.br\/?page_id=64\" class=\"more-link\">Continue lendo<span class=\"screen-reader-text\"> &#8220;Pesquisa&#8221;<\/span><\/a><\/p>\n","protected":false},"author":1,"featured_media":0,"parent":0,"menu_order":0,"comment_status":"closed","ping_status":"closed","template":"","meta":[],"_links":{"self":[{"href":"https:\/\/educacubo.com.br\/index.php?rest_route=\/wp\/v2\/pages\/64"}],"collection":[{"href":"https:\/\/educacubo.com.br\/index.php?rest_route=\/wp\/v2\/pages"}],"about":[{"href":"https:\/\/educacubo.com.br\/index.php?rest_route=\/wp\/v2\/types\/page"}],"author":[{"embeddable":true,"href":"https:\/\/educacubo.com.br\/index.php?rest_route=\/wp\/v2\/users\/1"}],"replies":[{"embeddable":true,"href":"https:\/\/educacubo.com.br\/index.php?rest_route=%2Fwp%2Fv2%2Fcomments&post=64"}],"version-history":[{"count":1,"href":"https:\/\/educacubo.com.br\/index.php?rest_route=\/wp\/v2\/pages\/64\/revisions"}],"predecessor-version":[{"id":65,"href":"https:\/\/educacubo.com.br\/index.php?rest_route=\/wp\/v2\/pages\/64\/revisions\/65"}],"wp:attachment":[{"href":"https:\/\/educacubo.com.br\/index.php?rest_route=%2Fwp%2Fv2%2Fmedia&parent=64"}],"curies":[{"name":"wp","href":"https:\/\/api.w.org\/{rel}","templated":true}]}}