{"id":2,"date":"2016-05-10T03:48:21","date_gmt":"2016-05-10T03:48:21","guid":{"rendered":"http:\/\/educacubo.com.br\/?page_id=2"},"modified":"2020-10-29T20:02:12","modified_gmt":"2020-10-29T20:02:12","slug":"sample-page","status":"publish","type":"page","link":"https:\/\/educacubo.com.br\/?page_id=2","title":{"rendered":"P\u00fablico Alvo"},"content":{"rendered":"<p>Professores e alunos do Ensino Fundamental, M\u00e9dio e Superior que desejam utilizar AR em suas aulas, utilizando equipamentos que j\u00e1 possuam como celular com c\u00e2mera ou computador com webcam.<\/p>\n\n\n<figure class=\"wp-block-image size-large\"><img loading=\"lazy\" width=\"500\" height=\"246\" src=\"http:\/\/educacubo.com.br\/wp-content\/uploads\/2020\/10\/shutterstock_1349108237-e1604001641464.jpg\" alt=\"\" class=\"wp-image-24\" srcset=\"https:\/\/educacubo.com.br\/wp-content\/uploads\/2020\/10\/shutterstock_1349108237-e1604001641464.jpg 500w, https:\/\/educacubo.com.br\/wp-content\/uploads\/2020\/10\/shutterstock_1349108237-e1604001641464-300x148.jpg 300w\" sizes=\"(max-width: 500px) 100vw, 500px\" \/><\/figure>\n","protected":false},"excerpt":{"rendered":"<p>Professores e alunos do Ensino Fundamental, M\u00e9dio e Superior que desejam utilizar AR em suas aulas, utilizando equipamentos que j\u00e1 possuam como celular com c\u00e2mera ou computador com webcam.<\/p>\n","protected":false},"author":1,"featured_media":0,"parent":0,"menu_order":0,"comment_status":"closed","ping_status":"open","template":"","meta":[],"_links":{"self":[{"href":"https:\/\/educacubo.com.br\/index.php?rest_route=\/wp\/v2\/pages\/2"}],"collection":[{"href":"https:\/\/educacubo.com.br\/index.php?rest_route=\/wp\/v2\/pages"}],"about":[{"href":"https:\/\/educacubo.com.br\/index.php?rest_route=\/wp\/v2\/types\/page"}],"author":[{"embeddable":true,"href":"https:\/\/educacubo.com.br\/index.php?rest_route=\/wp\/v2\/users\/1"}],"replies":[{"embeddable":true,"href":"https:\/\/educacubo.com.br\/index.php?rest_route=%2Fwp%2Fv2%2Fcomments&post=2"}],"version-history":[{"count":3,"href":"https:\/\/educacubo.com.br\/index.php?rest_route=\/wp\/v2\/pages\/2\/revisions"}],"predecessor-version":[{"id":44,"href":"https:\/\/educacubo.com.br\/index.php?rest_route=\/wp\/v2\/pages\/2\/revisions\/44"}],"wp:attachment":[{"href":"https:\/\/educacubo.com.br\/index.php?rest_route=%2Fwp%2Fv2%2Fmedia&parent=2"}],"curies":[{"name":"wp","href":"https:\/\/api.w.org\/{rel}","templated":true}]}}